{"id":4711,"date":"2022-04-11T18:25:53","date_gmt":"2022-04-11T18:25:53","guid":{"rendered":"https:\/\/laser-7.com\/informacion-sobre-proteccion-de-datos\/"},"modified":"2024-04-30T18:18:20","modified_gmt":"2024-04-30T18:18:20","slug":"informacion-sobre-proteccion-de-datos","status":"publish","type":"page","link":"https:\/\/laser-7.com\/es\/informacion-sobre-proteccion-de-datos\/","title":{"rendered":"Informaci\u00f3n Sobre Protecci\u00f3n de Datos"},"content":{"rendered":"\t\t<div data-elementor-type=\"wp-page\" data-elementor-id=\"4711\" class=\"elementor elementor-4711 elementor-1631\">\n\t\t\t\t<div class=\"elementor-element elementor-element-74a6e0dc e-con-full e-flex e-con e-parent\" data-id=\"74a6e0dc\" data-element_type=\"container\">\n\t\t\t\t<div class=\"elementor-element elementor-element-262b029b elementor-widget elementor-widget-text-editor\" data-id=\"262b029b\" data-element_type=\"widget\" data-widget_type=\"text-editor.default\">\n\t\t\t\t<div class=\"elementor-widget-container\">\n\t\t\t<style>\/*! elementor - v3.21.0 - 24-04-2024 *\/\n.elementor-widget-text-editor.elementor-drop-cap-view-stacked .elementor-drop-cap{background-color:#69727d;color:#fff}.elementor-widget-text-editor.elementor-drop-cap-view-framed .elementor-drop-cap{color:#69727d;border:3px solid;background-color:transparent}.elementor-widget-text-editor:not(.elementor-drop-cap-view-default) .elementor-drop-cap{margin-top:8px}.elementor-widget-text-editor:not(.elementor-drop-cap-view-default) .elementor-drop-cap-letter{width:1em;height:1em}.elementor-widget-text-editor .elementor-drop-cap{float:left;text-align:center;line-height:1;font-size:50px}.elementor-widget-text-editor .elementor-drop-cap-letter{display:inline-block}<\/style>\t\t\t\t<h4><strong>INFORMACI\u00d3N SOBRE PROTECCI\u00d3N DE DATOS<\/strong><\/h4>\n<h6><strong>DETALLES DEL RESPONSABLE DE DATOS<\/strong><\/h6>\n<p>Responsable de Datos:<br \/>\u2013 Entidad: LASER 7 SL<br \/>&#8211; CIF de la entidad: B67393744<br \/>\u2013 Direcci\u00f3n de la entidad: RONDA SANT PERE, 301 306, 08251 SANTPEDOR (BARCELONA)<br \/>\u2013 Correo electr\u00f3nico de la entidad: <a href=\"mailto:CONTACTE@TALLERS-PLANAS.COM\">CONTACTO@LASER-7.COM<\/a><br \/>\u2013 Responsable de Datos: RAMON PLANAS<br \/>\u2013 Tel\u00e9fono del Responsable de Datos: +34 93 836 01 53<br \/>\u2013 Correo electr\u00f3nico del Responsable de Datos: <a href=\"mailto:ADMIN@TALLERS-PLANAS.COM\">CONTACTO@LASER-7.COM<\/a><\/p>\n<h6><strong>2 \u2013 FINALIDADES<\/strong><\/h6>\n<p>En cumplimiento de las disposiciones del Reglamento Europeo 2016\/679 General de Protecci\u00f3n de Datos y de la Ley Org\u00e1nica 3\/2018 de Protecci\u00f3n de Datos Personales y Garant\u00eda de Derechos Digitales, le informamos que, seg\u00fan la relaci\u00f3n que mantenga con nosotros, LASER 7 SL trata los datos que nos facilite con una o varias de las siguientes finalidades:<\/p>\n<p>\u2013 Compra\/venta de material <span style=\"text-align: var(--text-align); background-color: var(--alpha-page-wrapper-bg-color); color: var(--alpha-body-color); font-family: var(--alpha-body-font-family),sans-serif; font-size: var(--alpha-body-font-size); font-weight: var(--alpha-body-font-weight); letter-spacing: var(--alpha-body-letter-spacing); text-transform: var(--alpha-body-text-transform);\">\u2013 Comunicaci\u00f3n mediante las plataformas Google, Meta y Apple<\/span><br \/> &#8211; Coordinaci\u00f3n de actividades empresariales<br \/>&#8211; Env\u00edo de informaci\u00f3n comercial de la entidad por correo postal, correo electr\u00f3nico u otros medios<br \/>\u2013 Env\u00edo de informaci\u00f3n rec\u00edproca a trav\u00e9s de la plataforma WhatsApp, sin que el Responsable pueda asegurar que esta plataforma tome medidas de seguridad y realice tratamientos de conformidad con el RGPD y la LOPDGDD<br \/>&#8211; Gesti\u00f3n contable, administrativa, de facturaci\u00f3n y cobro<br \/>&#8211; Gesti\u00f3n contable, administrativa, de facturaci\u00f3n, cobro y pago<br \/>\u2013 Informaci\u00f3n de las Cookies<br \/>\u2013 Prestarle un servicio<br \/>\u2013 Realizaci\u00f3n de encuestas<br \/>\u2013 Realizaci\u00f3n de pedidos<br \/>\u2013 Recepci\u00f3n de la prestaci\u00f3n de un servicio<br \/>\u2013 Tramitaci\u00f3n de presupuestos<\/p>\n<p><strong style=\"color: var(--alpha-heading-color,var(--alpha-body-color)); font-family: var(--alpha-heading-font-family),var(--alpha-body-font-family),sans-serif; font-size: var(--alpha-h6-font-size,1.6rem); letter-spacing: var(--alpha-heading-letter-spacing,var(--alpha-body-letter-spacing)); text-transform: var(--alpha-heading-text-transform,var(--alpha-body-text-transform)); text-align: var(--text-align); background-color: var(--alpha-page-wrapper-bg-color);\">3- PLAZOS DE CONSERVACI\u00d3N DE LOS DATOS<\/strong><\/p>\n<p>Sus datos se conservar\u00e1n indefinidamente. En caso de que solicite su eliminaci\u00f3n anticipada, h\u00e1galo mediante el ejercicio del derecho de supresi\u00f3n. Adem\u00e1s, los datos que, por razones legales, deban ser almacenados por un tiempo necesario para cumplir con normativas espec\u00edficas ser\u00e1n bloqueados y s\u00f3lo estar\u00e1n a disposici\u00f3n de la autoridad p\u00fablica correspondiente.<\/p>\n<h6><strong>4- BASE LEGAL<\/strong><\/h6>\n<p>La base legal para el tratamiento de sus datos es:<\/p>\n<p>\u2013 Consentimiento inequ\u00edvoco<br \/>\u2013 Cumplimiento de legislaci\u00f3n<br \/>\u2013 Consentimiento inequ\u00edvoco<\/p>\n<h6><strong>5- DESTINATARIOS<\/strong><\/h6>\n<p>Sus datos personales ser\u00e1n comunicados a terceros en los siguientes casos:<br \/>\u2013 Administraci\u00f3n tributaria<br \/>\u2013 Bancos y entidades financieras<br \/>\u2013 Gestor\u00eda\/Asesor\u00eda<br \/>\u2013 No comparto datos con terceros<br \/>\u2013 Seguridad social<\/p>\n<h6><strong>6- DERECHOS<\/strong><\/h6>\n<p>Tiene derecho a obtener confirmaci\u00f3n de si LASER-7 SL est\u00e1 tratando datos personales que le afecten o no.<br \/>Tambi\u00e9n tiene derecho de acceso a sus datos personales ya solicitar la rectificaci\u00f3n de los datos inexactos o, en su caso, solicitar su supresi\u00f3n cuando, entre otros motivos, los datos ya no sean necesarios para los fines para los que se recogieron.<\/p>\n<p>En determinadas circunstancias, puede solicitar la limitaci\u00f3n del tratamiento de sus datos, en este caso, s\u00f3lo los conservaremos para el ejercicio o la defensa de reclamaciones.<\/p>\n<p>Adicionalmente, en determinadas circunstancias y por razones relacionadas con su situaci\u00f3n particular, puede ejercer el derecho de oposici\u00f3n al tratamiento de sus datos. LASER-7 SL dejar\u00e1 de tratar los datos, salvo que existan motivos leg\u00edtimos imperiosos o el ejercicio o la defensa de posibles reclamaciones.<\/p>\n<p>Tambi\u00e9n tiene el derecho a la portabilidad de los datos ya retirar los consentimientos prestados en cualquier momento, sin que ello afecte a la licitud del tratamiento basado en el consentimiento previo a su retirada.<\/p>\n<p>Si desea ejercer cualquiera de sus derechos, puede hacerlo a trav\u00e9s de los enlaces proporcionados:<\/p>\n<ul>\n<li>Para ejercer su derecho de acceso, <a href=\"http:\/\/(https\/intranet.laboralrgpd.com\/webApp\/clientes_derechos\/derechos-formulario.php?%20id_cliente=VDg2d0dVcXhSYmJTM3Z0K3ZseUZIZz09)\">haga clic aqu\u00ed.<\/a><\/li>\n<li>Para ejercer su derecho de Rectificaci\u00f3n, <a href=\"http:\/\/(https\/intranet.laboralrgpd.com\/webApp\/clientes_derechos\/derechos-formulario.php?%20id_cliente=VDg2d0dVcXhSYmJTM3Z0K3ZseUZIZz09)\">haga clic aqu\u00ed<\/a> .<\/li>\n<\/ul>\n<p>Para ejercer su derecho de Supresi\u00f3n (Derecho a ser Olvidado), <a href=\"http:\/\/(https\/intranet.laboralrgpd.com\/webApp\/clientes_derechos\/derechos-formulario.php?%20id_cliente=VDg2d0dVcXhSYmJTM3Z0K3ZseUZIZz09)\">haga clic aqu\u00ed<\/a> .<\/p>\n<ul>\n<li>Para ejercer su derecho de Limitaci\u00f3n del Tratamiento, <a href=\"http:\/\/(https\/intranet.laboralrgpd.com\/webApp\/clientes_derechos\/derechos-formulario.php?%20id_cliente=VDg2d0dVcXhSYmJTM3Z0K3ZseUZIZz09)\">haga clic aqu\u00ed<\/a> .<\/li>\n<li>Para ejercer su derecho de Oposici\u00f3n, <a href=\"http:\/\/(https\/intranet.laboralrgpd.com\/webApp\/clientes_derechos\/derechos-formulario.php?%20id_cliente=VDg2d0dVcXhSYmJTM3Z0K3ZseUZIZz09)\">haga clic aqu\u00ed<\/a> .<\/li>\n<li>Para ejercer su derecho de Portabilidad de Datos, <a href=\"http:\/\/(https\/intranet.laboralrgpd.com\/webApp\/clientes_derechos\/derechos-formulario.php?%20id_cliente=VDg2d0dVcXhSYmJTM3Z0K3ZseUZIZz09)\">haga clic aqu\u00ed<\/a> .<\/li>\n<\/ul>\n<p>Alternativamente, tambi\u00e9n puede ponerse en contacto con nosotros por correo postal a la siguiente direcci\u00f3n: PLAZA INMACULADA, 2 \u2013 (08241) MANRESA, adjuntando una copia de su DNI para asegurar su identidad.<\/p>\n<p>Recuerde proporcionar la m\u00e1xima informaci\u00f3n posible sobre su solicitud: Nombre y apellidos, direcci\u00f3n de correo electr\u00f3nico que utiliza para el despedido o portal objeto de su solicitud.<\/p>\n<p>Por \u00faltimo, le informamos que puede dirigirse a la Agencia Espa\u00f1ola de Protecci\u00f3n de Datos y otros organismos p\u00fablicos competentes para cualquier reclamaci\u00f3n derivada del tratamiento de sus datos personales.<\/p>\n<h6><strong>7- POL\u00cdTICA DE COOKIES<\/strong><\/h6>\n<p>Para conocer las cookies que utilizamos en nuestro sitio web, puede acceder a nuestra Pol\u00edtica de Cookies siguiendo este enlace: <a href=\"https:\/\/laser-7.com\/es\/politica-de-cookies\/\">Pol\u00edtica de Cookies.<\/a><\/p>\n\t\t\t\t\t\t<\/div>\n\t\t\t\t<\/div>\n\t\t\t\t<\/div>\n\t\t\t\t<\/div>\n\t\t","protected":false},"excerpt":{"rendered":"<p>INFORMACI\u00d3N SOBRE PROTECCI\u00d3N DE DATOS DETALLES DEL RESPONSABLE DE DATOS Responsable de Datos:\u2013 Entidad: LASER 7 SL&#8211; CIF de la entidad: B67393744\u2013 Direcci\u00f3n de la entidad: RONDA SANT PERE, 301 306, 08251 SANTPEDOR (BARCELONA)\u2013 Correo electr\u00f3nico de la entidad: CONTACTO@LASER-7.COM\u2013 Responsable de Datos: RAMON PLANAS\u2013 Tel\u00e9fono del Responsable de Datos: +34 93 836 01 53\u2013 [&hellip;]<\/p>\n","protected":false},"author":1,"featured_media":0,"parent":0,"menu_order":0,"comment_status":"closed","ping_status":"closed","template":"","meta":{"footnotes":""},"class_list":["post-4711","page","type-page","status-publish","hentry"],"_links":{"self":[{"href":"https:\/\/laser-7.com\/es\/wp-json\/wp\/v2\/pages\/4711","targetHints":{"allow":["GET"]}}],"collection":[{"href":"https:\/\/laser-7.com\/es\/wp-json\/wp\/v2\/pages"}],"about":[{"href":"https:\/\/laser-7.com\/es\/wp-json\/wp\/v2\/types\/page"}],"author":[{"embeddable":true,"href":"https:\/\/laser-7.com\/es\/wp-json\/wp\/v2\/users\/1"}],"replies":[{"embeddable":true,"href":"https:\/\/laser-7.com\/es\/wp-json\/wp\/v2\/comments?post=4711"}],"version-history":[{"count":7,"href":"https:\/\/laser-7.com\/es\/wp-json\/wp\/v2\/pages\/4711\/revisions"}],"predecessor-version":[{"id":4804,"href":"https:\/\/laser-7.com\/es\/wp-json\/wp\/v2\/pages\/4711\/revisions\/4804"}],"wp:attachment":[{"href":"https:\/\/laser-7.com\/es\/wp-json\/wp\/v2\/media?parent=4711"}],"curies":[{"name":"wp","href":"https:\/\/api.w.org\/{rel}","templated":true}]}}